{"id":54,"date":"2016-05-14T12:42:43","date_gmt":"2016-05-14T12:42:43","guid":{"rendered":"http:\/\/test.danmarksveteraner.dk\/wordpress\/?page_id=54"},"modified":"2016-10-14T12:39:57","modified_gmt":"2016-10-14T10:39:57","slug":"links","status":"publish","type":"page","link":"https:\/\/sydvestjylland.danmarksveteraner.dk\/wordpress\/?page_id=54","title":{"rendered":"Links"},"content":{"rendered":"<p>Nedenfor er en r\u00e6kke lokale links til lokale samarbejdspartnere.<\/p>\n\n<table id=\"tablepress-3\" class=\"tablepress tablepress-id-3\">\n<thead>\n<tr class=\"row-1 odd\">\n\t<th class=\"column-1\">Navn (Tryk p\u00e5 navnet for at se mere)<\/th>\n<\/tr>\n<\/thead>\n<tbody class=\"row-hover\">\n<tr class=\"row-2 even\">\n\t<td class=\"column-1\"><a href=\"http:\/\/www.veterancafeer.dk\" target=\"_blank\">Danmarks Veterancafeer<\/a><\/td>\n<\/tr>\n<tr class=\"row-3 odd\">\n\t<td class=\"column-1\"><a href=\"http:\/\/www.veteranhjem.dk\/\" target=\"_blank\">Danske Veteranhjem<\/a><\/td>\n<\/tr>\n<tr class=\"row-4 even\">\n\t<td class=\"column-1\"><a href=\"http:\/\/veteran.forsvaret.dk\/omos\/kontaktkommunikation\/nytogpresse\/Pages\/Holddigopdateretp%C3%A5Flagdag2014.aspx\" target=\"_blank\">Flagdagen for Danmarks udsendte <\/a><\/td>\n<\/tr>\n<tr class=\"row-5 odd\">\n\t<td class=\"column-1\"><a href=\"http:\/\/www.fnmuseet.dk\/\" target=\"_blank\">FN Museet<\/a><\/td>\n<\/tr>\n<tr class=\"row-6 even\">\n\t<td class=\"column-1\"><a href=\"http:\/\/veteran.forsvaret.dk\/Pages\/forside.aspx\" target=\"_blank\">Forsvarets Veterancenter<\/a><\/td>\n<\/tr>\n<tr class=\"row-7 odd\">\n\t<td class=\"column-1\"><a href=\"http:\/\/www.veteranst\u00f8tten.dk\" target=\"_blank\">Veteranst\u00f8tten<\/a><\/td>\n<\/tr>\n<\/tbody>\n<\/table>\n<!-- #tablepress-3 from cache -->\n<p>S\u00f8ger du mere landsd\u00e6kkende samarbejdspartnere og organisationer, s\u00e5 se oversigten p\u00e5 landsforeningens <a href=\"http:\/\/danmarksveteraner.dk\/wordpress\/?page_id=570\" target=\"_blank\">HJEMMESIDE<\/a><\/p>\n","protected":false},"excerpt":{"rendered":"<p>Nedenfor er en r\u00e6kke lokale links til lokale samarbejdspartnere. S\u00f8ger du mere landsd\u00e6kkende samarbejdspartnere og organisationer, s\u00e5 se oversigten p\u00e5<\/p>\n","protected":false},"author":1,"featured_media":0,"parent":0,"menu_order":5,"comment_status":"closed","ping_status":"closed","template":"","meta":[],"_links":{"self":[{"href":"https:\/\/sydvestjylland.danmarksveteraner.dk\/wordpress\/index.php?rest_route=\/wp\/v2\/pages\/54"}],"collection":[{"href":"https:\/\/sydvestjylland.danmarksveteraner.dk\/wordpress\/index.php?rest_route=\/wp\/v2\/pages"}],"about":[{"href":"https:\/\/sydvestjylland.danmarksveteraner.dk\/wordpress\/index.php?rest_route=\/wp\/v2\/types\/page"}],"author":[{"embeddable":true,"href":"https:\/\/sydvestjylland.danmarksveteraner.dk\/wordpress\/index.php?rest_route=\/wp\/v2\/users\/1"}],"replies":[{"embeddable":true,"href":"https:\/\/sydvestjylland.danmarksveteraner.dk\/wordpress\/index.php?rest_route=%2Fwp%2Fv2%2Fcomments&post=54"}],"version-history":[{"count":3,"href":"https:\/\/sydvestjylland.danmarksveteraner.dk\/wordpress\/index.php?rest_route=\/wp\/v2\/pages\/54\/revisions"}],"predecessor-version":[{"id":97,"href":"https:\/\/sydvestjylland.danmarksveteraner.dk\/wordpress\/index.php?rest_route=\/wp\/v2\/pages\/54\/revisions\/97"}],"wp:attachment":[{"href":"https:\/\/sydvestjylland.danmarksveteraner.dk\/wordpress\/index.php?rest_route=%2Fwp%2Fv2%2Fmedia&parent=54"}],"curies":[{"name":"wp","href":"https:\/\/api.w.org\/{rel}","templated":true}]}}