{"id":50,"date":"2016-05-14T12:26:53","date_gmt":"2016-05-14T12:26:53","guid":{"rendered":"http:\/\/test.danmarksveteraner.dk\/wordpress\/?page_id=50"},"modified":"2016-05-14T12:26:53","modified_gmt":"2016-05-14T12:26:53","slug":"jubilarer","status":"publish","type":"page","link":"https:\/\/sydvestjylland.danmarksveteraner.dk\/wordpress\/?page_id=50","title":{"rendered":"Jubilarer"},"content":{"rendered":"<p>Her anf\u00f8res jubilarer, kan evt. tages fra kartoteksf\u00f8rerens fil og overf\u00f8res til TablePress<\/p>\n","protected":false},"excerpt":{"rendered":"<p>Her anf\u00f8res jubilarer, kan evt. tages fra kartoteksf\u00f8rerens fil og overf\u00f8res til TablePress<\/p>\n","protected":false},"author":1,"featured_media":0,"parent":48,"menu_order":1,"comment_status":"closed","ping_status":"closed","template":"","meta":[],"_links":{"self":[{"href":"https:\/\/sydvestjylland.danmarksveteraner.dk\/wordpress\/index.php?rest_route=\/wp\/v2\/pages\/50"}],"collection":[{"href":"https:\/\/sydvestjylland.danmarksveteraner.dk\/wordpress\/index.php?rest_route=\/wp\/v2\/pages"}],"about":[{"href":"https:\/\/sydvestjylland.danmarksveteraner.dk\/wordpress\/index.php?rest_route=\/wp\/v2\/types\/page"}],"author":[{"embeddable":true,"href":"https:\/\/sydvestjylland.danmarksveteraner.dk\/wordpress\/index.php?rest_route=\/wp\/v2\/users\/1"}],"replies":[{"embeddable":true,"href":"https:\/\/sydvestjylland.danmarksveteraner.dk\/wordpress\/index.php?rest_route=%2Fwp%2Fv2%2Fcomments&post=50"}],"version-history":[{"count":0,"href":"https:\/\/sydvestjylland.danmarksveteraner.dk\/wordpress\/index.php?rest_route=\/wp\/v2\/pages\/50\/revisions"}],"up":[{"embeddable":true,"href":"https:\/\/sydvestjylland.danmarksveteraner.dk\/wordpress\/index.php?rest_route=\/wp\/v2\/pages\/48"}],"wp:attachment":[{"href":"https:\/\/sydvestjylland.danmarksveteraner.dk\/wordpress\/index.php?rest_route=%2Fwp%2Fv2%2Fmedia&parent=50"}],"curies":[{"name":"wp","href":"https:\/\/api.w.org\/{rel}","templated":true}]}}