{"id":46,"date":"2016-05-14T12:22:01","date_gmt":"2016-05-14T12:22:01","guid":{"rendered":"http:\/\/test.danmarksveteraner.dk\/wordpress\/?page_id=46"},"modified":"2016-10-23T11:49:35","modified_gmt":"2016-10-23T09:49:35","slug":"billeder-fra-gennemfoerte-aktiviteter","status":"publish","type":"page","link":"https:\/\/sydvestjylland.danmarksveteraner.dk\/wordpress\/?page_id=46","title":{"rendered":"Billeder fra gennemf\u00f8rte aktiviteter"},"content":{"rendered":"<p>Billeder fra gennemf\u00f8rte aktiviteter l\u00e6gges ud p\u00e5 hjemmesiden<\/p>\n","protected":false},"excerpt":{"rendered":"<p>Billeder fra gennemf\u00f8rte aktiviteter l\u00e6gges ud p\u00e5 hjemmesiden<\/p>\n","protected":false},"author":1,"featured_media":0,"parent":16,"menu_order":2,"comment_status":"closed","ping_status":"closed","template":"","meta":[],"_links":{"self":[{"href":"https:\/\/sydvestjylland.danmarksveteraner.dk\/wordpress\/index.php?rest_route=\/wp\/v2\/pages\/46"}],"collection":[{"href":"https:\/\/sydvestjylland.danmarksveteraner.dk\/wordpress\/index.php?rest_route=\/wp\/v2\/pages"}],"about":[{"href":"https:\/\/sydvestjylland.danmarksveteraner.dk\/wordpress\/index.php?rest_route=\/wp\/v2\/types\/page"}],"author":[{"embeddable":true,"href":"https:\/\/sydvestjylland.danmarksveteraner.dk\/wordpress\/index.php?rest_route=\/wp\/v2\/users\/1"}],"replies":[{"embeddable":true,"href":"https:\/\/sydvestjylland.danmarksveteraner.dk\/wordpress\/index.php?rest_route=%2Fwp%2Fv2%2Fcomments&post=46"}],"version-history":[{"count":1,"href":"https:\/\/sydvestjylland.danmarksveteraner.dk\/wordpress\/index.php?rest_route=\/wp\/v2\/pages\/46\/revisions"}],"predecessor-version":[{"id":78,"href":"https:\/\/sydvestjylland.danmarksveteraner.dk\/wordpress\/index.php?rest_route=\/wp\/v2\/pages\/46\/revisions\/78"}],"up":[{"embeddable":true,"href":"https:\/\/sydvestjylland.danmarksveteraner.dk\/wordpress\/index.php?rest_route=\/wp\/v2\/pages\/16"}],"wp:attachment":[{"href":"https:\/\/sydvestjylland.danmarksveteraner.dk\/wordpress\/index.php?rest_route=%2Fwp%2Fv2%2Fmedia&parent=46"}],"curies":[{"name":"wp","href":"https:\/\/api.w.org\/{rel}","templated":true}]}}